{"id":2434,"date":"2022-01-12T18:12:46","date_gmt":"2022-01-12T18:12:46","guid":{"rendered":"https:\/\/cleanenergycolumbus.org\/elegibilidad\/"},"modified":"2022-01-13T09:29:17","modified_gmt":"2022-01-13T09:29:17","slug":"elegibilidad","status":"publish","type":"page","link":"https:\/\/cleanenergycolumbus.org\/es\/su-opcion\/elegibilidad\/","title":{"rendered":"Elegibilidad"},"content":{"rendered":"\t\t<div data-elementor-type=\"wp-page\" data-elementor-id=\"2434\" class=\"elementor elementor-2434 elementor-47\" data-elementor-post-type=\"page\">\n\t\t\t\t\t\t<section class=\"elementor-section elementor-top-section elementor-element elementor-element-4b46f0ce elementor-section-boxed elementor-section-height-default elementor-section-height-default\" data-id=\"4b46f0ce\" data-element_type=\"section\" data-e-type=\"section\" data-settings=\"{&quot;background_background&quot;:&quot;classic&quot;}\">\n\t\t\t\t\t\t<div class=\"elementor-container elementor-column-gap-default\">\n\t\t\t\t\t<div class=\"elementor-column elementor-col-50 elementor-top-column elementor-element elementor-element-1c35f98f\" data-id=\"1c35f98f\" data-element_type=\"column\" data-e-type=\"column\">\n\t\t\t<div class=\"elementor-widget-wrap elementor-element-populated\">\n\t\t\t\t\t\t<div class=\"elementor-element elementor-element-4f778f15 elementor-widget elementor-widget-heading\" data-id=\"4f778f15\" data-element_type=\"widget\" data-e-type=\"widget\" data-widget_type=\"heading.default\">\n\t\t\t\t<div class=\"elementor-widget-container\">\n\t\t\t\t\t<h2 class=\"elementor-heading-title elementor-size-default\">ELEGIBILIDAD<\/h2>\t\t\t\t<\/div>\n\t\t\t\t<\/div>\n\t\t\t\t<div class=\"elementor-element elementor-element-e3337d0 elementor-widget elementor-widget-text-editor\" data-id=\"e3337d0\" data-element_type=\"widget\" data-e-type=\"widget\" data-widget_type=\"text-editor.default\">\n\t\t\t\t<div class=\"elementor-widget-container\">\n\t\t\t\t\t\t\t\t\t<p>Cualquier residente o peque\u00f1a empresa de Columbus (que consuma 700,000 kWh anuales o menos) atendido por AEP Ohio ser\u00e1 elegible para participar en el programa de opci\u00f3n de agregaci\u00f3n de la comunidad y recibir el suministro de energ\u00eda limpia y renovable a un precio competitivo. Debido a regulaciones estatales, los residentes o peque\u00f1as empresas atendidas por la Divisi\u00f3n de Energ\u00eda de la ciudad de Columbus no son elegibles para participar. La ciudad sigue comprometida a brindarles energ\u00eda limpia y renovable a esos residentes. Si usted recibe el suministro de la Divisi\u00f3n de Energ\u00eda de la ciudad, puede obtener m\u00e1s informaci\u00f3n sobre las iniciativas de la Divisi\u00f3n de energ\u00eda verde, incluido EcoSmartChoice, en\u00a0<a href=\"https:\/\/www.columbus.gov\/greenpower\/\" target=\"_blank\" rel=\"noopener\">Columbus.gov\/GreenPower<\/a>.<\/p>\t\t\t\t\t\t\t\t<\/div>\n\t\t\t\t<\/div>\n\t\t\t\t\t<\/div>\n\t\t<\/div>\n\t\t\t\t<div class=\"elementor-column elementor-col-50 elementor-top-column elementor-element elementor-element-4c3787dc\" data-id=\"4c3787dc\" data-element_type=\"column\" data-e-type=\"column\">\n\t\t\t<div class=\"elementor-widget-wrap elementor-element-populated\">\n\t\t\t\t\t\t<div class=\"elementor-element elementor-element-52d33e5 elementor-widget elementor-widget-image\" data-id=\"52d33e5\" data-element_type=\"widget\" data-e-type=\"widget\" data-widget_type=\"image.default\">\n\t\t\t\t<div class=\"elementor-widget-container\">\n\t\t\t\t\t\t\t\t\t\t\t\t\t\t\t<img fetchpriority=\"high\" decoding=\"async\" width=\"670\" height=\"591\" src=\"https:\/\/cleanenergycolumbus.org\/wp-content\/uploads\/2021\/08\/clean-energy-columbus-community-benefit-min.jpg\" class=\"attachment-large size-large wp-image-2381\" alt=\"\" \/>\t\t\t\t\t\t\t\t\t\t\t\t\t\t\t<\/div>\n\t\t\t\t<\/div>\n\t\t\t\t\t<\/div>\n\t\t<\/div>\n\t\t\t\t\t<\/div>\n\t\t<\/section>\n\t\t\t\t<\/div>\n\t\t","protected":false},"excerpt":{"rendered":"<p>ELEGIBILIDAD Cualquier residente o peque\u00f1a empresa de Columbus (que consuma 700,000 kWh anuales o menos) atendido por AEP Ohio ser\u00e1 elegible para participar en el programa de opci\u00f3n de agregaci\u00f3n de la comunidad y recibir el suministro de energ\u00eda limpia y renovable a un precio competitivo. Debido a regulaciones estatales, los residentes o peque\u00f1as empresas [&hellip;]<\/p>\n","protected":false},"author":1,"featured_media":0,"parent":2461,"menu_order":0,"comment_status":"closed","ping_status":"closed","template":"","meta":{"footnotes":""},"class_list":["post-2434","page","type-page","status-publish","hentry"],"_links":{"self":[{"href":"https:\/\/cleanenergycolumbus.org\/es\/wp-json\/wp\/v2\/pages\/2434","targetHints":{"allow":["GET"]}}],"collection":[{"href":"https:\/\/cleanenergycolumbus.org\/es\/wp-json\/wp\/v2\/pages"}],"about":[{"href":"https:\/\/cleanenergycolumbus.org\/es\/wp-json\/wp\/v2\/types\/page"}],"author":[{"embeddable":true,"href":"https:\/\/cleanenergycolumbus.org\/es\/wp-json\/wp\/v2\/users\/1"}],"replies":[{"embeddable":true,"href":"https:\/\/cleanenergycolumbus.org\/es\/wp-json\/wp\/v2\/comments?post=2434"}],"version-history":[{"count":5,"href":"https:\/\/cleanenergycolumbus.org\/es\/wp-json\/wp\/v2\/pages\/2434\/revisions"}],"predecessor-version":[{"id":2717,"href":"https:\/\/cleanenergycolumbus.org\/es\/wp-json\/wp\/v2\/pages\/2434\/revisions\/2717"}],"up":[{"embeddable":true,"href":"https:\/\/cleanenergycolumbus.org\/es\/wp-json\/wp\/v2\/pages\/2461"}],"wp:attachment":[{"href":"https:\/\/cleanenergycolumbus.org\/es\/wp-json\/wp\/v2\/media?parent=2434"}],"curies":[{"name":"wp","href":"https:\/\/api.w.org\/{rel}","templated":true}]}}