{"id":2463,"date":"2022-01-12T18:12:59","date_gmt":"2022-01-12T18:12:59","guid":{"rendered":"https:\/\/cleanenergycolumbus.org\/tu-eleccion\/terminos-y-condiciones\/"},"modified":"2022-01-14T18:45:06","modified_gmt":"2022-01-14T18:45:06","slug":"terminos-y-condiciones","status":"publish","type":"page","link":"https:\/\/cleanenergycolumbus.org\/es\/su-opcion\/terminos-y-condiciones\/","title":{"rendered":"T\u00e9rminos y condiciones"},"content":{"rendered":"\t\t<div data-elementor-type=\"wp-page\" data-elementor-id=\"2463\" class=\"elementor elementor-2463 elementor-53\" data-elementor-post-type=\"page\">\n\t\t\t\t\t\t<section class=\"elementor-section elementor-top-section elementor-element elementor-element-7f4548ab elementor-section-full_width elementor-section-height-min-height elementor-section-height-default elementor-section-items-middle\" data-id=\"7f4548ab\" data-element_type=\"section\" data-e-type=\"section\" data-settings=\"{&quot;background_background&quot;:&quot;classic&quot;}\">\n\t\t\t\t\t\t\t<div class=\"elementor-background-overlay\"><\/div>\n\t\t\t\t\t\t\t<div class=\"elementor-container elementor-column-gap-default\">\n\t\t\t\t\t<div class=\"elementor-column elementor-col-100 elementor-top-column elementor-element elementor-element-6c10b718\" data-id=\"6c10b718\" data-element_type=\"column\" data-e-type=\"column\">\n\t\t\t<div class=\"elementor-widget-wrap elementor-element-populated\">\n\t\t\t\t\t\t<section class=\"elementor-section elementor-inner-section elementor-element elementor-element-3effd4ba elementor-section-boxed elementor-section-height-default elementor-section-height-default\" data-id=\"3effd4ba\" data-element_type=\"section\" data-e-type=\"section\">\n\t\t\t\t\t\t<div class=\"elementor-container elementor-column-gap-no\">\n\t\t\t\t\t<div class=\"elementor-column elementor-col-100 elementor-inner-column elementor-element elementor-element-5643737b\" data-id=\"5643737b\" data-element_type=\"column\" data-e-type=\"column\">\n\t\t\t<div class=\"elementor-widget-wrap elementor-element-populated\">\n\t\t\t\t\t\t<div class=\"elementor-element elementor-element-71b0f965 elementor-widget elementor-widget-heading\" data-id=\"71b0f965\" data-element_type=\"widget\" data-e-type=\"widget\" data-widget_type=\"heading.default\">\n\t\t\t\t<div class=\"elementor-widget-container\">\n\t\t\t\t\t<h1 class=\"elementor-heading-title elementor-size-default\">T\u00e9rminos y condiciones<\/h1>\t\t\t\t<\/div>\n\t\t\t\t<\/div>\n\t\t\t\t\t<\/div>\n\t\t<\/div>\n\t\t\t\t\t<\/div>\n\t\t<\/section>\n\t\t\t\t\t<\/div>\n\t\t<\/div>\n\t\t\t\t\t<\/div>\n\t\t<\/section>\n\t\t\t\t<section class=\"elementor-section elementor-top-section elementor-element elementor-element-e8bc12e elementor-section-boxed elementor-section-height-default elementor-section-height-default\" data-id=\"e8bc12e\" data-element_type=\"section\" data-e-type=\"section\">\n\t\t\t\t\t\t<div class=\"elementor-container elementor-column-gap-default\">\n\t\t\t\t\t<div class=\"elementor-column elementor-col-100 elementor-top-column elementor-element elementor-element-eb2a4c4\" data-id=\"eb2a4c4\" data-element_type=\"column\" data-e-type=\"column\">\n\t\t\t<div class=\"elementor-widget-wrap elementor-element-populated\">\n\t\t\t\t\t\t<section class=\"elementor-section elementor-inner-section elementor-element elementor-element-ae393d2 elementor-section-boxed elementor-section-height-default elementor-section-height-default\" data-id=\"ae393d2\" data-element_type=\"section\" data-e-type=\"section\">\n\t\t\t\t\t\t<div class=\"elementor-container elementor-column-gap-default\">\n\t\t\t\t\t<div class=\"elementor-column elementor-col-100 elementor-inner-column elementor-element elementor-element-eb5fc31\" data-id=\"eb5fc31\" data-element_type=\"column\" data-e-type=\"column\">\n\t\t\t<div class=\"elementor-widget-wrap\">\n\t\t\t\t\t\t\t<\/div>\n\t\t<\/div>\n\t\t\t\t\t<\/div>\n\t\t<\/section>\n\t\t\t\t<div class=\"elementor-element elementor-element-a3574c4 elementor-widget elementor-widget-heading\" data-id=\"a3574c4\" data-element_type=\"widget\" data-e-type=\"widget\" data-widget_type=\"heading.default\">\n\t\t\t\t<div class=\"elementor-widget-container\">\n\t\t\t\t\t<h3 class=\"elementor-heading-title elementor-size-default\">TARIFAS<\/h3>\t\t\t\t<\/div>\n\t\t\t\t<\/div>\n\t\t\t\t<div class=\"elementor-element elementor-element-74fc2f1 elementor-widget elementor-widget-text-editor\" data-id=\"74fc2f1\" data-element_type=\"widget\" data-e-type=\"widget\" data-widget_type=\"text-editor.default\">\n\t\t\t\t<div class=\"elementor-widget-container\">\n\t\t\t\t\t\t\t\t\t<div class=\"elementor-element elementor-element-74fc2f1 elementor-widget elementor-widget-text-editor\" data-id=\"74fc2f1\" data-element_type=\"widget\" data-widget_type=\"text-editor.default\"><div class=\"elementor-widget-container\"><p>La tarifa de los residentes y peque\u00f1as empresas elegibles ser\u00e1 de $0.05499 por kWh durante los primeros doce meses de suministro de energ\u00eda 100 % limpia del programa Clean Energy Columbus. Las tarifas futuras para el resto del t\u00e9rmino se definir\u00e1n siempre en junio. Podr\u00e1 encontrar la fijaci\u00f3n anual de tarifas en la p\u00e1gina de Tarifas para residentes y tambi\u00e9n en www.AEPenergy.com\/CBUS.<\/p><\/div><\/div>\t\t\t\t\t\t\t\t<\/div>\n\t\t\t\t<\/div>\n\t\t\t\t<section class=\"elementor-section elementor-inner-section elementor-element elementor-element-b4379d1 elementor-section-boxed elementor-section-height-default elementor-section-height-default\" data-id=\"b4379d1\" data-element_type=\"section\" data-e-type=\"section\">\n\t\t\t\t\t\t<div class=\"elementor-container elementor-column-gap-default\">\n\t\t\t\t\t<div class=\"elementor-column elementor-col-50 elementor-inner-column elementor-element elementor-element-b894eff\" data-id=\"b894eff\" data-element_type=\"column\" data-e-type=\"column\">\n\t\t\t<div class=\"elementor-widget-wrap elementor-element-populated\">\n\t\t\t\t\t\t<div class=\"elementor-element elementor-element-a733a5e elementor-button-info elementor-align-left elementor-widget elementor-widget-button\" data-id=\"a733a5e\" data-element_type=\"widget\" data-e-type=\"widget\" data-widget_type=\"button.default\">\n\t\t\t\t<div class=\"elementor-widget-container\">\n\t\t\t\t\t\t\t\t\t<div class=\"elementor-button-wrapper\">\n\t\t\t\t\t<a class=\"elementor-button elementor-button-link elementor-size-sm\" href=\"\/wp-content\/uploads\/2021\/09\/07.28.21OH_COL_AGG_SCResCon.pdf\" target=\"_blank\">\n\t\t\t\t\t\t<span class=\"elementor-button-content-wrapper\">\n\t\t\t\t\t\t\t\t\t<span class=\"elementor-button-text\">Ver todos los T\u00e9rminos y condiciones<\/span>\n\t\t\t\t\t<\/span>\n\t\t\t\t\t<\/a>\n\t\t\t\t<\/div>\n\t\t\t\t\t\t\t\t<\/div>\n\t\t\t\t<\/div>\n\t\t\t\t\t<\/div>\n\t\t<\/div>\n\t\t\t\t<div class=\"elementor-column elementor-col-50 elementor-inner-column elementor-element elementor-element-3735ad3\" data-id=\"3735ad3\" data-element_type=\"column\" data-e-type=\"column\">\n\t\t\t<div class=\"elementor-widget-wrap\">\n\t\t\t\t\t\t\t<\/div>\n\t\t<\/div>\n\t\t\t\t\t<\/div>\n\t\t<\/section>\n\t\t\t\t\t<\/div>\n\t\t<\/div>\n\t\t\t\t\t<\/div>\n\t\t<\/section>\n\t\t\t\t<\/div>\n\t\t","protected":false},"excerpt":{"rendered":"<p>T\u00e9rminos y condiciones TARIFAS La tarifa de los residentes y peque\u00f1as empresas elegibles ser\u00e1 de $0.05499 por kWh durante los primeros doce meses de suministro de energ\u00eda 100 % limpia del programa Clean Energy Columbus. Las tarifas futuras para el resto del t\u00e9rmino se definir\u00e1n siempre en junio. Podr\u00e1 encontrar la fijaci\u00f3n anual de tarifas [&hellip;]<\/p>\n","protected":false},"author":1,"featured_media":0,"parent":2461,"menu_order":0,"comment_status":"closed","ping_status":"closed","template":"","meta":{"footnotes":""},"class_list":["post-2463","page","type-page","status-publish","hentry"],"_links":{"self":[{"href":"https:\/\/cleanenergycolumbus.org\/es\/wp-json\/wp\/v2\/pages\/2463","targetHints":{"allow":["GET"]}}],"collection":[{"href":"https:\/\/cleanenergycolumbus.org\/es\/wp-json\/wp\/v2\/pages"}],"about":[{"href":"https:\/\/cleanenergycolumbus.org\/es\/wp-json\/wp\/v2\/types\/page"}],"author":[{"embeddable":true,"href":"https:\/\/cleanenergycolumbus.org\/es\/wp-json\/wp\/v2\/users\/1"}],"replies":[{"embeddable":true,"href":"https:\/\/cleanenergycolumbus.org\/es\/wp-json\/wp\/v2\/comments?post=2463"}],"version-history":[{"count":5,"href":"https:\/\/cleanenergycolumbus.org\/es\/wp-json\/wp\/v2\/pages\/2463\/revisions"}],"predecessor-version":[{"id":2741,"href":"https:\/\/cleanenergycolumbus.org\/es\/wp-json\/wp\/v2\/pages\/2463\/revisions\/2741"}],"up":[{"embeddable":true,"href":"https:\/\/cleanenergycolumbus.org\/es\/wp-json\/wp\/v2\/pages\/2461"}],"wp:attachment":[{"href":"https:\/\/cleanenergycolumbus.org\/es\/wp-json\/wp\/v2\/media?parent=2463"}],"curies":[{"name":"wp","href":"https:\/\/api.w.org\/{rel}","templated":true}]}}