{"id":2494,"date":"2022-01-12T18:13:14","date_gmt":"2022-01-12T18:13:14","guid":{"rendered":"https:\/\/cleanenergycolumbus.org\/tu-eleccion\/programa-100-renovable\/"},"modified":"2022-01-13T09:13:26","modified_gmt":"2022-01-13T09:13:26","slug":"programa-100-renovable","status":"publish","type":"page","link":"https:\/\/cleanenergycolumbus.org\/es\/su-opcion\/programa-100-renovable\/","title":{"rendered":"Programa 100% Renovable"},"content":{"rendered":"\t\t<div data-elementor-type=\"wp-page\" data-elementor-id=\"2494\" class=\"elementor elementor-2494 elementor-57\" data-elementor-post-type=\"page\">\n\t\t\t\t\t\t<section class=\"elementor-section elementor-top-section elementor-element elementor-element-eba2983 elementor-section-full_width elementor-section-height-default elementor-section-height-default\" data-id=\"eba2983\" data-element_type=\"section\" data-e-type=\"section\" data-settings=\"{&quot;background_background&quot;:&quot;classic&quot;}\">\n\t\t\t\t\t\t<div class=\"elementor-container elementor-column-gap-default\">\n\t\t\t\t\t<div class=\"elementor-column elementor-col-100 elementor-top-column elementor-element elementor-element-d08b6aa\" data-id=\"d08b6aa\" data-element_type=\"column\" data-e-type=\"column\">\n\t\t\t<div class=\"elementor-widget-wrap elementor-element-populated\">\n\t\t\t\t\t\t<div class=\"elementor-element elementor-element-b5ece91 elementor-widget elementor-widget-heading\" data-id=\"b5ece91\" data-element_type=\"widget\" data-e-type=\"widget\" data-widget_type=\"heading.default\">\n\t\t\t\t<div class=\"elementor-widget-container\">\n\t\t\t\t\t<h1 class=\"elementor-heading-title elementor-size-default\">PROGRAMA 100 % RENOVABLE<\/h1>\t\t\t\t<\/div>\n\t\t\t\t<\/div>\n\t\t\t\t<div class=\"elementor-element elementor-element-7c0e2a3 elementor-widget-divider--view-line elementor-widget elementor-widget-divider\" data-id=\"7c0e2a3\" data-element_type=\"widget\" data-e-type=\"widget\" data-widget_type=\"divider.default\">\n\t\t\t\t<div class=\"elementor-widget-container\">\n\t\t\t\t\t\t\t<div class=\"elementor-divider\">\n\t\t\t<span class=\"elementor-divider-separator\">\n\t\t\t\t\t\t<\/span>\n\t\t<\/div>\n\t\t\t\t\t\t<\/div>\n\t\t\t\t<\/div>\n\t\t\t\t<section class=\"elementor-section elementor-inner-section elementor-element elementor-element-fd711e6 elementor-section-boxed elementor-section-height-default elementor-section-height-default\" data-id=\"fd711e6\" data-element_type=\"section\" data-e-type=\"section\">\n\t\t\t\t\t\t<div class=\"elementor-container elementor-column-gap-default\">\n\t\t\t\t\t<div class=\"elementor-column elementor-col-100 elementor-inner-column elementor-element elementor-element-b56b2ac\" data-id=\"b56b2ac\" data-element_type=\"column\" data-e-type=\"column\">\n\t\t\t<div class=\"elementor-widget-wrap elementor-element-populated\">\n\t\t\t\t\t\t<div class=\"elementor-element elementor-element-5a68105 elementor-widget elementor-widget-text-editor\" data-id=\"5a68105\" data-element_type=\"widget\" data-e-type=\"widget\" data-widget_type=\"text-editor.default\">\n\t\t\t\t<div class=\"elementor-widget-container\">\n\t\t\t\t\t\t\t\t\t<div class=\"elementor-element elementor-element-5a68105 elementor-widget elementor-widget-text-editor\" data-id=\"5a68105\" data-element_type=\"widget\" data-widget_type=\"text-editor.default\"><div class=\"elementor-widget-container\"><p>Clean Energy Columbus ofrece energ\u00eda 100 % limpia y renovable para alimentar hogares y peque\u00f1as empresas de la ciudad de Columbus. El programa ofrece un camino claro a energ\u00eda limpia toda con base en Ohio para 2024, que brindar\u00e1 a los residentes de Columbus el mayor beneficio para la salud, la fuerza laboral y la sustentabilidad.<\/p><\/div><\/div>\t\t\t\t\t\t\t\t<\/div>\n\t\t\t\t<\/div>\n\t\t\t\t<div class=\"elementor-element elementor-element-c6acdba elementor-widget elementor-widget-shortcode\" data-id=\"c6acdba\" data-element_type=\"widget\" data-e-type=\"widget\" data-widget_type=\"shortcode.default\">\n\t\t\t\t<div class=\"elementor-widget-container\">\n\t\t\t\t\t\t\t<div class=\"elementor-shortcode\">      <div class=\"circle_widget_area\">\n        <div class=\"circles\">\n          <div class=\"circle first_one\" data-id=\"1\" data-show=\"hover\" data-text=\"Proveer energ\u00eda limpia a un costo competitivo de suministro de energ\u00eda al por menor a los hogares y peque\u00f1as empresas de Columbus.\">\n            <div class=\"circle_text\"> <img decoding=\"async\" src=\"https:\/\/cleanenergycolumbus.org\/wp-content\/plugins\/circle-plugin\/icons\/1.svg\"> <br \/> 1. ENERG\u00cdA LIMPIA A TARIFAS COMPETITIVAS<\/div>\n          <\/div>\n\n          <div class=\"circle second_one\" data-id=\"2\" data-show=\"hover\" data-text=\"Apoyar el desarrollo de la energ\u00eda limpia local, con sede en Ohio, y hacer avanzar la econom\u00eda sostenible de Columbus\">\n            <div class=\"circle_text\"> <img decoding=\"async\" src=\"https:\/\/cleanenergycolumbus.org\/wp-content\/plugins\/circle-plugin\/icons\/2.svg\"> <br \/> 2. DESARROLLO DE ENERG\u00cdA LIMPIA<\/div>\n          <\/div>\n\n\n          <div class=\"circle third_one\" data-id=\"3\" data-show=\"hover\" data-text=\"Garantizar la prestaci\u00f3n de un servicio de calidad y fiable y el intercambio transparente de informaci\u00f3n\">\n            <div class=\"circle_text\"> <img decoding=\"async\" src=\"https:\/\/cleanenergycolumbus.org\/wp-content\/plugins\/circle-plugin\/icons\/3.svg\"> <br \/> 3. SERVICIO DE CALIDAD<\/div>\n          <\/div>\n\n\n        <\/div>\n      <\/div>\n    \n\n<\/div>\n\t\t\t\t\t\t<\/div>\n\t\t\t\t<\/div>\n\t\t\t\t<div class=\"elementor-element elementor-element-b0182b6 elementor-widget elementor-widget-spacer\" data-id=\"b0182b6\" data-element_type=\"widget\" data-e-type=\"widget\" data-widget_type=\"spacer.default\">\n\t\t\t\t<div class=\"elementor-widget-container\">\n\t\t\t\t\t\t\t<div class=\"elementor-spacer\">\n\t\t\t<div class=\"elementor-spacer-inner\"><\/div>\n\t\t<\/div>\n\t\t\t\t\t\t<\/div>\n\t\t\t\t<\/div>\n\t\t\t\t\t<\/div>\n\t\t<\/div>\n\t\t\t\t\t<\/div>\n\t\t<\/section>\n\t\t\t\t<div class=\"elementor-element elementor-element-48c8e53 elementor-widget-divider--view-line elementor-widget elementor-widget-divider\" data-id=\"48c8e53\" data-element_type=\"widget\" data-e-type=\"widget\" data-widget_type=\"divider.default\">\n\t\t\t\t<div class=\"elementor-widget-container\">\n\t\t\t\t\t\t\t<div class=\"elementor-divider\">\n\t\t\t<span class=\"elementor-divider-separator\">\n\t\t\t\t\t\t<\/span>\n\t\t<\/div>\n\t\t\t\t\t\t<\/div>\n\t\t\t\t<\/div>\n\t\t\t\t<section class=\"elementor-section elementor-inner-section elementor-element elementor-element-31854ff elementor-section-boxed elementor-section-height-default elementor-section-height-default\" data-id=\"31854ff\" data-element_type=\"section\" data-e-type=\"section\">\n\t\t\t\t\t\t<div class=\"elementor-container elementor-column-gap-default\">\n\t\t\t\t\t<div class=\"elementor-column elementor-col-20 elementor-inner-column elementor-element elementor-element-d825db2\" data-id=\"d825db2\" data-element_type=\"column\" data-e-type=\"column\" data-settings=\"{&quot;background_background&quot;:&quot;classic&quot;}\">\n\t\t\t<div class=\"elementor-widget-wrap elementor-element-populated\">\n\t\t\t\t\t\t<div class=\"elementor-element elementor-element-f032243 elementor-view-default elementor-position-block-start elementor-mobile-position-block-start elementor-widget elementor-widget-icon-box\" data-id=\"f032243\" data-element_type=\"widget\" data-e-type=\"widget\" data-widget_type=\"icon-box.default\">\n\t\t\t\t<div class=\"elementor-widget-container\">\n\t\t\t\t\t\t\t<div class=\"elementor-icon-box-wrapper\">\n\n\t\t\t\t\t\t<div class=\"elementor-icon-box-icon\">\n\t\t\t\t<span  class=\"elementor-icon\">\n\t\t\t\t<svg xmlns=\"http:\/\/www.w3.org\/2000\/svg\" width=\"80.566\" height=\"80.574\" viewBox=\"0 0 80.566 80.574\"><g id=\"green-energy\" transform=\"translate(-0.023 0)\"><g id=\"Group_6\" data-name=\"Group 6\" transform=\"translate(0.023 0)\"><path id=\"Path_14\" data-name=\"Path 14\" d=\"M73.875,52.374H72.532V9.4a9.4,9.4,0,0,0-18.8,0v61.77a6.722,6.722,0,0,1-6.714,6.714H32.247a6.722,6.722,0,0,1-6.714-6.714V69.831h8.728a4.693,4.693,0,0,0,3.279-8.057,4.671,4.671,0,0,0-1.223-7.563,22.033,22.033,0,0,1,5.805-13.835A24.164,24.164,0,0,0,40.3,6.153,23.947,23.947,0,0,0,21.411.16,24.165,24.165,0,0,0,6.447,40.582,21.211,21.211,0,0,1,12.066,54.21a4.671,4.671,0,0,0-1.226,7.564,4.693,4.693,0,0,0,3.279,8.057h8.728v1.343a9.411,9.411,0,0,0,9.4,9.4H47.018a9.411,9.411,0,0,0,9.4-9.4V9.4a6.714,6.714,0,1,1,13.428,0V52.374H68.5a6.722,6.722,0,0,0-6.714,6.714V69.831a1.342,1.342,0,0,0,1.343,1.343h2.686v9.4H68.5v-9.4h5.371v9.4h2.686v-9.4h2.686a1.342,1.342,0,0,0,1.343-1.343V59.088A6.722,6.722,0,0,0,73.875,52.374ZM8.419,38.757a21.484,21.484,0,1,1,31.712-.183,24.779,24.779,0,0,0-6.5,15.143h-8.1V40.285c.128,0,.244.005.387.005,2.8,0,8.2-.5,11.716-4.015,4.81-4.811,3.973-13.166,3.936-13.52a1.342,1.342,0,0,0-1.192-1.191c-.348-.038-8.707-.874-13.52,3.936a11.253,11.253,0,0,0-1.528,1.915,14.863,14.863,0,0,0-3.81-8.629C16.712,13.976,8.354,14.813,8,14.85A1.342,1.342,0,0,0,6.81,16.041c-.038.353-.874,8.71,3.936,13.52,3.514,3.514,8.919,4.015,11.716,4.015.142,0,.259,0,.387-.005V37.2c0,.1,0,.205,0,.3V53.717H14.755A23.9,23.9,0,0,0,8.419,38.757Zm27.857,19.66a2.017,2.017,0,0,1-2.014,2.014H14.119a2.014,2.014,0,1,1,0-4.028H34.261A2.017,2.017,0,0,1,36.276,58.417ZM31.969,29.268l-6.374,6.374c.183-2.5.874-5.953,3.164-8.244,2.974-2.972,7.971-3.25,10.2-3.219.039,2.229-.238,7.212-3.221,10.2C33.456,36.661,30,37.36,27.495,37.541l6.374-6.374ZM20.886,30.826c-2.5-.183-5.951-.871-8.242-3.162C9.67,24.691,9.388,19.7,9.424,17.463c2.229-.032,7.211.236,10.2,3.221,2.279,2.279,2.973,5.738,3.158,8.237l-6.369-6.369-1.9,1.9ZM14.119,67.145a2.014,2.014,0,0,1,0-4.028H34.261a2.014,2.014,0,0,1,0,4.028ZM77.9,63.117H67.161V65.8H77.9v2.686H64.475v-9.4A4.033,4.033,0,0,1,68.5,55.06h5.371A4.033,4.033,0,0,1,77.9,59.088Z\" transform=\"translate(-0.023 0)\" fill=\"#7fbc03\"><\/path><\/g><\/g><\/svg>\t\t\t\t<\/span>\n\t\t\t<\/div>\n\t\t\t\n\t\t\t\t\t\t<div class=\"elementor-icon-box-content\">\n\n\t\t\t\t\t\t\t\t\t<h3 class=\"elementor-icon-box-title\">\n\t\t\t\t\t\t<span  >\n\t\t\t\t\t\t\tPUENTE UNO\t\t\t\t\t\t<\/span>\n\t\t\t\t\t<\/h3>\n\t\t\t\t\n\t\t\t\t\n\t\t\t<\/div>\n\t\t\t\n\t\t<\/div>\n\t\t\t\t\t\t<\/div>\n\t\t\t\t<\/div>\n\t\t\t\t<div class=\"elementor-element elementor-element-b54dc04 elementor-widget elementor-widget-text-editor\" data-id=\"b54dc04\" data-element_type=\"widget\" data-e-type=\"widget\" data-widget_type=\"text-editor.default\">\n\t\t\t\t<div class=\"elementor-widget-container\">\n\t\t\t\t\t\t\t\t\t<ul><li>T\u00c9RMINO DESDE JUNIO DE 2021 HASTA MAYO DE 2022<\/li><li>CR\u00c9DITOS DE ENERG\u00cdA RENOVABLE (RECS, por su sigla en ingl\u00e9s) PARA LIMPIAR LA ENERG\u00cdA SUCIA<ul><li>CALOR RESIDUAL<\/li><li>HIDRO DE OHIO<\/li><\/ul><\/li><\/ul>\t\t\t\t\t\t\t\t<\/div>\n\t\t\t\t<\/div>\n\t\t\t\t<div class=\"elementor-element elementor-element-1bf6386 elementor-align-center elementor-widget elementor-widget-button\" data-id=\"1bf6386\" data-element_type=\"widget\" data-e-type=\"widget\" data-widget_type=\"button.default\">\n\t\t\t\t<div class=\"elementor-widget-container\">\n\t\t\t\t\t\t\t\t\t<div class=\"elementor-button-wrapper\">\n\t\t\t\t\t<a class=\"elementor-button elementor-button-link elementor-size-sm\" href=\"http:\/\/cleanenergycolumbus.org\/about-us\/contact-us\/\">\n\t\t\t\t\t\t<span class=\"elementor-button-content-wrapper\">\n\t\t\t\t\t\t\t\t\t<span class=\"elementor-button-text\">M\u00e1s informaci\u00f3n<\/span>\n\t\t\t\t\t<\/span>\n\t\t\t\t\t<\/a>\n\t\t\t\t<\/div>\n\t\t\t\t\t\t\t\t<\/div>\n\t\t\t\t<\/div>\n\t\t\t\t\t<\/div>\n\t\t<\/div>\n\t\t\t\t<div class=\"elementor-column elementor-col-20 elementor-inner-column elementor-element elementor-element-7816a6e\" data-id=\"7816a6e\" data-element_type=\"column\" data-e-type=\"column\">\n\t\t\t<div class=\"elementor-widget-wrap\">\n\t\t\t\t\t\t\t<\/div>\n\t\t<\/div>\n\t\t\t\t<div class=\"elementor-column elementor-col-20 elementor-inner-column elementor-element elementor-element-2e90008\" data-id=\"2e90008\" data-element_type=\"column\" data-e-type=\"column\" data-settings=\"{&quot;background_background&quot;:&quot;classic&quot;}\">\n\t\t\t<div class=\"elementor-widget-wrap elementor-element-populated\">\n\t\t\t\t\t\t<div class=\"elementor-element elementor-element-09d9ccb elementor-view-default elementor-position-block-start elementor-mobile-position-block-start elementor-widget elementor-widget-icon-box\" data-id=\"09d9ccb\" data-element_type=\"widget\" data-e-type=\"widget\" data-widget_type=\"icon-box.default\">\n\t\t\t\t<div class=\"elementor-widget-container\">\n\t\t\t\t\t\t\t<div class=\"elementor-icon-box-wrapper\">\n\n\t\t\t\t\t\t<div class=\"elementor-icon-box-icon\">\n\t\t\t\t<span  class=\"elementor-icon\">\n\t\t\t\t<svg xmlns=\"http:\/\/www.w3.org\/2000\/svg\" width=\"75.173\" height=\"80.574\" viewBox=\"0 0 75.173 80.574\"><g id=\"care\" transform=\"translate(0 0)\"><path id=\"Path_15\" data-name=\"Path 15\" d=\"M70.3,91.837a4.851,4.851,0,0,0-3.352,1.342,4.869,4.869,0,0,0-6.874,5.928c4.177,11.771,3.945,11.071,3.96,11.258L62.8,111.791A5.245,5.245,0,0,0,54,109.62L42.461,121.545a8.373,8.373,0,0,0-2.365,5.849v10.029h-.843a2.829,2.829,0,0,0-1.666.543,2.831,2.831,0,0,0-1.667-.543h-.843V127.393a8.369,8.369,0,0,0-2.365-5.849L21.177,109.62a5.245,5.245,0,0,0-8.8,2.171l-1.241-1.426a.961.961,0,0,1,.052-.243L15.1,99.108a4.874,4.874,0,0,0-6.875-5.929A4.874,4.874,0,0,0,0,96.708v11.183a13.022,13.022,0,0,0,2.564,7.735l8.688,11.953a21.66,21.66,0,0,1,3.945,9.842h-.38a2.85,2.85,0,0,0-2.846,2.847v14.843a2.849,2.849,0,0,0,2.846,2.846h21.1a2.826,2.826,0,0,0,1.666-.543,2.825,2.825,0,0,0,1.666.543h21.1a2.849,2.849,0,0,0,2.846-2.846v-1.563a1.18,1.18,0,1,0-2.361,0v1.563a.487.487,0,0,1-.486.486h-21.1a.487.487,0,0,1-.486-.486v-9.119H60.842v2.048a1.181,1.181,0,1,0,2.361,0v-7.772a2.85,2.85,0,0,0-2.847-2.847h-.38a21.657,21.657,0,0,1,3.945-9.842L72.6,115.638a13.037,13.037,0,0,0,2.573-7.747V96.708a4.876,4.876,0,0,0-4.87-4.871Zm-57.43,6.481L9.74,107.142V96.708A4.919,4.919,0,0,0,9.5,95.181a2.513,2.513,0,0,1,3.376,3.137Zm.289,27.873-8.7-11.966a10.656,10.656,0,0,1-2.1-6.334V96.708a2.51,2.51,0,0,1,5.02,0V108.4a3.37,3.37,0,0,0,.82,2.192c7.947,9.133,3,3.685,12.052,13.47a1.18,1.18,0,0,0,1.734-1.6c-6.562-7.1-5.178-5.573-7.067-7.743a2.881,2.881,0,0,1,4.561-3.451l11.535,11.924a6.02,6.02,0,0,1,1.7,4.207v10.029H17.579a24.016,24.016,0,0,0-4.418-11.23Zm23.245,28.92a.486.486,0,0,1-.486.486h-21.1a.486.486,0,0,1-.486-.486v-9.119H36.405Zm0-11.479H14.331v-3.364a.486.486,0,0,1,.486-.486h21.1a.486.486,0,0,1,.486.486ZM62.3,98.319a2.51,2.51,0,0,1,3.376-3.136,4.924,4.924,0,0,0-.245,1.526v10.434Zm-1.944,41.464a.486.486,0,0,1,.486.486v3.364H38.766v-3.364a.487.487,0,0,1,.486-.486Zm12.456-31.891a10.671,10.671,0,0,1-2.113,6.346l-8.688,11.953a24.014,24.014,0,0,0-4.418,11.23H42.456V127.393a6.023,6.023,0,0,1,1.7-4.207l11.535-11.924a2.881,2.881,0,0,1,4.561,3.45c-1.89,2.172-.5.646-7.067,7.743a1.18,1.18,0,0,0,1.734,1.6c9.164-9.911,4.516-4.81,11.819-13.2a3.511,3.511,0,0,0,1.053-2.46V96.708a2.51,2.51,0,1,1,5.019,0v11.184Zm0,0\" transform=\"translate(0 -77.384)\" fill=\"#7fbc03\"><\/path><path id=\"Path_16\" data-name=\"Path 16\" d=\"M135.111,26.651a1.18,1.18,0,1,0,0,2.361h15.173a2.066,2.066,0,0,0,2.064-2.064V21.075a7.8,7.8,0,0,0-4.219-6.92,5.035,5.035,0,1,0-7.144,0c-.113.058-.224.119-.334.183a9.444,9.444,0,0,0-4.227-3.9,5.965,5.965,0,1,0-7.878,0,9.447,9.447,0,0,0-4.227,3.9c-.11-.064-.221-.125-.334-.183a5.035,5.035,0,1,0-7.144,0,7.8,7.8,0,0,0-4.219,6.92v5.872a2.066,2.066,0,0,0,2.064,2.064H129.6a1.18,1.18,0,0,0,0-2.361h-4.145V18.957a7.026,7.026,0,0,1,14.052,0v7.694Zm9.445-18.715a2.674,2.674,0,1,1-2.674,2.674A2.677,2.677,0,0,1,144.557,7.936Zm5.431,13.139v5.576h-8.116V18.957a9.491,9.491,0,0,0-.312-2.408A5.435,5.435,0,0,1,149.987,21.075ZM120.411,7.936a2.674,2.674,0,1,1-2.674,2.674A2.677,2.677,0,0,1,120.411,7.936ZM123.1,18.957v7.693h-8.116V21.075a5.435,5.435,0,0,1,8.429-4.526,9.513,9.513,0,0,0-.312,2.408Zm9.386-9.386a3.605,3.605,0,1,1,3.6-3.605A3.609,3.609,0,0,1,132.484,9.571Zm0,0\" transform=\"translate(-94.898 0)\" fill=\"#7fbc03\"><\/path><\/g><\/svg>\t\t\t\t<\/span>\n\t\t\t<\/div>\n\t\t\t\n\t\t\t\t\t\t<div class=\"elementor-icon-box-content\">\n\n\t\t\t\t\t\t\t\t\t<h3 class=\"elementor-icon-box-title\">\n\t\t\t\t\t\t<span  >\n\t\t\t\t\t\t\tPUENTE DOS\t\t\t\t\t\t<\/span>\n\t\t\t\t\t<\/h3>\n\t\t\t\t\n\t\t\t\t\n\t\t\t<\/div>\n\t\t\t\n\t\t<\/div>\n\t\t\t\t\t\t<\/div>\n\t\t\t\t<\/div>\n\t\t\t\t<div class=\"elementor-element elementor-element-daa684b elementor-widget elementor-widget-text-editor\" data-id=\"daa684b\" data-element_type=\"widget\" data-e-type=\"widget\" data-widget_type=\"text-editor.default\">\n\t\t\t\t<div class=\"elementor-widget-container\">\n\t\t\t\t\t\t\t\t\t<ul><li>T\u00c9RMINO DESDE JUNIO DE 2022 HASTA MAYO DE 2024<\/li><li>CONSISTE EN UNA MEZCLA DE RECS Y E\u00d3LICA Y SOLAR DE OHIO<ul><li>LOS ACTIVOS SE INCORPORAR\u00c1N Y SE MEZCLAR\u00c1N<\/li><\/ul><\/li><\/ul>\t\t\t\t\t\t\t\t<\/div>\n\t\t\t\t<\/div>\n\t\t\t\t<div class=\"elementor-element elementor-element-7f8c762 elementor-align-center elementor-widget elementor-widget-button\" data-id=\"7f8c762\" data-element_type=\"widget\" data-e-type=\"widget\" data-widget_type=\"button.default\">\n\t\t\t\t<div class=\"elementor-widget-container\">\n\t\t\t\t\t\t\t\t\t<div class=\"elementor-button-wrapper\">\n\t\t\t\t\t<a class=\"elementor-button elementor-button-link elementor-size-sm\" href=\"http:\/\/cleanenergycolumbus.org\/about-us\/contact-us\/\">\n\t\t\t\t\t\t<span class=\"elementor-button-content-wrapper\">\n\t\t\t\t\t\t\t\t\t<span class=\"elementor-button-text\">M\u00e1s informaci\u00f3n<\/span>\n\t\t\t\t\t<\/span>\n\t\t\t\t\t<\/a>\n\t\t\t\t<\/div>\n\t\t\t\t\t\t\t\t<\/div>\n\t\t\t\t<\/div>\n\t\t\t\t\t<\/div>\n\t\t<\/div>\n\t\t\t\t<div class=\"elementor-column elementor-col-20 elementor-inner-column elementor-element elementor-element-78dac96\" data-id=\"78dac96\" data-element_type=\"column\" data-e-type=\"column\">\n\t\t\t<div class=\"elementor-widget-wrap\">\n\t\t\t\t\t\t\t<\/div>\n\t\t<\/div>\n\t\t\t\t<div class=\"elementor-column elementor-col-20 elementor-inner-column elementor-element elementor-element-5389a33\" data-id=\"5389a33\" data-element_type=\"column\" data-e-type=\"column\" data-settings=\"{&quot;background_background&quot;:&quot;classic&quot;}\">\n\t\t\t<div class=\"elementor-widget-wrap elementor-element-populated\">\n\t\t\t\t\t\t<div class=\"elementor-element elementor-element-0063a45 elementor-view-default elementor-position-block-start elementor-mobile-position-block-start elementor-widget elementor-widget-icon-box\" data-id=\"0063a45\" data-element_type=\"widget\" data-e-type=\"widget\" data-widget_type=\"icon-box.default\">\n\t\t\t\t<div class=\"elementor-widget-container\">\n\t\t\t\t\t\t\t<div class=\"elementor-icon-box-wrapper\">\n\n\t\t\t\t\t\t<div class=\"elementor-icon-box-icon\">\n\t\t\t\t<span  class=\"elementor-icon\">\n\t\t\t\t<svg xmlns=\"http:\/\/www.w3.org\/2000\/svg\" width=\"36.786\" height=\"63\" viewBox=\"0 0 36.786 63\"><path id=\"Icon_material-attach-money\" data-name=\"Icon material-attach-money\" d=\"M27.9,31.053c-7.63-1.983-10.083-4.033-10.083-7.226,0-3.664,3.395-6.218,9.075-6.218,5.983,0,8.2,2.857,8.4,7.058h7.428c-.235-5.781-3.764-11.092-10.789-12.806V4.5H21.849v7.26c-6.521,1.412-11.764,5.647-11.764,12.134,0,7.764,6.42,11.629,15.8,13.881,8.4,2.017,10.083,4.974,10.083,8.1,0,2.319-1.647,6.016-9.075,6.016-6.924,0-9.646-3.092-10.016-7.058H9.48c.4,7.361,5.916,11.495,12.369,12.873V65H31.932V57.774C38.486,56.53,43.7,52.732,43.7,45.842,43.7,36.3,35.529,33.036,27.9,31.053Z\" transform=\"translate(-8.16 -3.25)\" fill=\"none\" stroke=\"#7fbc03\" stroke-width=\"2.5\"><\/path><\/svg>\t\t\t\t<\/span>\n\t\t\t<\/div>\n\t\t\t\n\t\t\t\t\t\t<div class=\"elementor-icon-box-content\">\n\n\t\t\t\t\t\t\t\t\t<h3 class=\"elementor-icon-box-title\">\n\t\t\t\t\t\t<span  >\n\t\t\t\t\t\t\tDESCRIPCI\u00d3N DE PRODUCTO IRE\t\t\t\t\t\t<\/span>\n\t\t\t\t\t<\/h3>\n\t\t\t\t\n\t\t\t\t\n\t\t\t<\/div>\n\t\t\t\n\t\t<\/div>\n\t\t\t\t\t\t<\/div>\n\t\t\t\t<\/div>\n\t\t\t\t<div class=\"elementor-element elementor-element-fc3fe78 elementor-widget elementor-widget-text-editor\" data-id=\"fc3fe78\" data-element_type=\"widget\" data-e-type=\"widget\" data-widget_type=\"text-editor.default\">\n\t\t\t\t<div class=\"elementor-widget-container\">\n\t\t\t\t\t\t\t\t\t<ul><li>T\u00c9RMINO DESDE JUNIO DE 2024 HASTA MAYO DE 2035<\/li><li>ACTIVOS IRE COMPLETOS \u2013 E\u00d3LICA Y SOLAR DE OHIO<\/li><li>EL PRECIO CAMBIAR\u00c1 CADA 12 MESES (POR ESO SE CONSIDERA VARIABLE)<\/li><\/ul>\t\t\t\t\t\t\t\t<\/div>\n\t\t\t\t<\/div>\n\t\t\t\t<div class=\"elementor-element elementor-element-3bdc80d elementor-align-center elementor-widget elementor-widget-button\" data-id=\"3bdc80d\" data-element_type=\"widget\" data-e-type=\"widget\" data-widget_type=\"button.default\">\n\t\t\t\t<div class=\"elementor-widget-container\">\n\t\t\t\t\t\t\t\t\t<div class=\"elementor-button-wrapper\">\n\t\t\t\t\t<a class=\"elementor-button elementor-button-link elementor-size-sm\" href=\"http:\/\/cleanenergycolumbus.org\/about-us\/contact-us\/\">\n\t\t\t\t\t\t<span class=\"elementor-button-content-wrapper\">\n\t\t\t\t\t\t\t\t\t<span class=\"elementor-button-text\">M\u00e1s informaci\u00f3n<\/span>\n\t\t\t\t\t<\/span>\n\t\t\t\t\t<\/a>\n\t\t\t\t<\/div>\n\t\t\t\t\t\t\t\t<\/div>\n\t\t\t\t<\/div>\n\t\t\t\t\t<\/div>\n\t\t<\/div>\n\t\t\t\t\t<\/div>\n\t\t<\/section>\n\t\t\t\t\t<\/div>\n\t\t<\/div>\n\t\t\t\t\t<\/div>\n\t\t<\/section>\n\t\t\t\t<\/div>\n\t\t","protected":false},"excerpt":{"rendered":"<p>PROGRAMA 100 % RENOVABLE Clean Energy Columbus ofrece energ\u00eda 100 % limpia y renovable para alimentar hogares y peque\u00f1as empresas de la ciudad de Columbus. El programa ofrece un camino claro a energ\u00eda limpia toda con base en Ohio para 2024, que brindar\u00e1 a los residentes de Columbus el mayor beneficio para la salud, la [&hellip;]<\/p>\n","protected":false},"author":1,"featured_media":0,"parent":2461,"menu_order":0,"comment_status":"closed","ping_status":"closed","template":"","meta":{"footnotes":""},"class_list":["post-2494","page","type-page","status-publish","hentry"],"_links":{"self":[{"href":"https:\/\/cleanenergycolumbus.org\/es\/wp-json\/wp\/v2\/pages\/2494","targetHints":{"allow":["GET"]}}],"collection":[{"href":"https:\/\/cleanenergycolumbus.org\/es\/wp-json\/wp\/v2\/pages"}],"about":[{"href":"https:\/\/cleanenergycolumbus.org\/es\/wp-json\/wp\/v2\/types\/page"}],"author":[{"embeddable":true,"href":"https:\/\/cleanenergycolumbus.org\/es\/wp-json\/wp\/v2\/users\/1"}],"replies":[{"embeddable":true,"href":"https:\/\/cleanenergycolumbus.org\/es\/wp-json\/wp\/v2\/comments?post=2494"}],"version-history":[{"count":9,"href":"https:\/\/cleanenergycolumbus.org\/es\/wp-json\/wp\/v2\/pages\/2494\/revisions"}],"predecessor-version":[{"id":2706,"href":"https:\/\/cleanenergycolumbus.org\/es\/wp-json\/wp\/v2\/pages\/2494\/revisions\/2706"}],"up":[{"embeddable":true,"href":"https:\/\/cleanenergycolumbus.org\/es\/wp-json\/wp\/v2\/pages\/2461"}],"wp:attachment":[{"href":"https:\/\/cleanenergycolumbus.org\/es\/wp-json\/wp\/v2\/media?parent=2494"}],"curies":[{"name":"wp","href":"https:\/\/api.w.org\/{rel}","templated":true}]}}