{"id":2586,"date":"2022-01-12T18:13:41","date_gmt":"2022-01-12T18:13:41","guid":{"rendered":"https:\/\/cleanenergycolumbus.org\/beneficio-comunitario\/"},"modified":"2022-01-14T19:32:54","modified_gmt":"2022-01-14T19:32:54","slug":"beneficio-para-la-comunidad","status":"publish","type":"page","link":"https:\/\/cleanenergycolumbus.org\/es\/beneficio-para-la-comunidad\/","title":{"rendered":"Beneficio para la comunidad"},"content":{"rendered":"\t\t<div data-elementor-type=\"wp-page\" data-elementor-id=\"2586\" class=\"elementor elementor-2586 elementor-65\" data-elementor-post-type=\"page\">\n\t\t\t\t\t\t<section class=\"elementor-section elementor-top-section elementor-element elementor-element-615a908 elementor-section-boxed elementor-section-height-default elementor-section-height-default\" data-id=\"615a908\" data-element_type=\"section\" data-e-type=\"section\">\n\t\t\t\t\t\t<div class=\"elementor-container elementor-column-gap-default\">\n\t\t\t\t\t<div class=\"elementor-column elementor-col-100 elementor-top-column elementor-element elementor-element-fb5d151\" data-id=\"fb5d151\" data-element_type=\"column\" data-e-type=\"column\">\n\t\t\t<div class=\"elementor-widget-wrap elementor-element-populated\">\n\t\t\t\t\t\t<div class=\"elementor-element elementor-element-77aa119 elementor-widget elementor-widget-heading\" data-id=\"77aa119\" data-element_type=\"widget\" data-e-type=\"widget\" data-widget_type=\"heading.default\">\n\t\t\t\t<div class=\"elementor-widget-container\">\n\t\t\t\t\t<h1 class=\"elementor-heading-title elementor-size-default\">BENEFICIO PARA LA COMUNIDAD\n<\/h1>\t\t\t\t<\/div>\n\t\t\t\t<\/div>\n\t\t\t\t<div class=\"elementor-element elementor-element-b248f53 elementor-widget-divider--view-line elementor-widget elementor-widget-divider\" data-id=\"b248f53\" data-element_type=\"widget\" data-e-type=\"widget\" data-widget_type=\"divider.default\">\n\t\t\t\t<div class=\"elementor-widget-container\">\n\t\t\t\t\t\t\t<div class=\"elementor-divider\">\n\t\t\t<span class=\"elementor-divider-separator\">\n\t\t\t\t\t\t<\/span>\n\t\t<\/div>\n\t\t\t\t\t\t<\/div>\n\t\t\t\t<\/div>\n\t\t\t\t<div class=\"elementor-element elementor-element-c46851b elementor-widget elementor-widget-heading\" data-id=\"c46851b\" data-element_type=\"widget\" data-e-type=\"widget\" data-widget_type=\"heading.default\">\n\t\t\t\t<div class=\"elementor-widget-container\">\n\t\t\t\t\t<h1 class=\"elementor-heading-title elementor-size-default\">Clean Energy Columbus ofrece a nuestra comunidad beneficios ambientales, sanitarios y econ\u00f3micos mientras mantiene su opci\u00f3n.<\/h1>\t\t\t\t<\/div>\n\t\t\t\t<\/div>\n\t\t\t\t<div class=\"elementor-element elementor-element-741f92c elementor-widget elementor-widget-heading\" data-id=\"741f92c\" data-element_type=\"widget\" data-e-type=\"widget\" data-widget_type=\"heading.default\">\n\t\t\t\t<div class=\"elementor-widget-container\">\n\t\t\t\t\t<h2 class=\"elementor-heading-title elementor-size-default\">Mejor salud, mejor calidad de vida, oportunidades equitativas para las generaciones venideras. Por eso la energ\u00eda limpia importa para Columbus. El programa de Clean Energy Columbus ofrece beneficios y valores a la comunidad de la zona de Columbus.\n<\/h2>\t\t\t\t<\/div>\n\t\t\t\t<\/div>\n\t\t\t\t\t<\/div>\n\t\t<\/div>\n\t\t\t\t\t<\/div>\n\t\t<\/section>\n\t\t\t\t<section class=\"elementor-section elementor-top-section elementor-element elementor-element-74d22ce6 elementor-section-boxed elementor-section-height-default elementor-section-height-default\" data-id=\"74d22ce6\" data-element_type=\"section\" data-e-type=\"section\">\n\t\t\t\t\t\t<div class=\"elementor-container elementor-column-gap-default\">\n\t\t\t\t\t<div class=\"elementor-column elementor-col-50 elementor-top-column elementor-element elementor-element-c0f0a33\" data-id=\"c0f0a33\" data-element_type=\"column\" data-e-type=\"column\">\n\t\t\t<div class=\"elementor-widget-wrap elementor-element-populated\">\n\t\t\t\t\t\t<div class=\"elementor-element elementor-element-7a9d402 elementor-widget elementor-widget-image\" data-id=\"7a9d402\" data-element_type=\"widget\" data-e-type=\"widget\" data-widget_type=\"image.default\">\n\t\t\t\t<div class=\"elementor-widget-container\">\n\t\t\t\t\t\t\t\t\t\t\t\t\t\t\t<img fetchpriority=\"high\" decoding=\"async\" width=\"1200\" height=\"800\" src=\"https:\/\/cleanenergycolumbus.org\/wp-content\/uploads\/2021\/09\/2019ClimateChallenge046.jpg\" class=\"attachment-full size-full wp-image-2409\" alt=\"\" \/>\t\t\t\t\t\t\t\t\t\t\t\t\t\t\t<\/div>\n\t\t\t\t<\/div>\n\t\t\t\t\t<\/div>\n\t\t<\/div>\n\t\t\t\t<div class=\"elementor-column elementor-col-50 elementor-top-column elementor-element elementor-element-6b3be73b\" data-id=\"6b3be73b\" data-element_type=\"column\" data-e-type=\"column\">\n\t\t\t<div class=\"elementor-widget-wrap elementor-element-populated\">\n\t\t\t\t\t\t<div class=\"elementor-element elementor-element-2b80795f elementor-widget elementor-widget-heading\" data-id=\"2b80795f\" data-element_type=\"widget\" data-e-type=\"widget\" data-widget_type=\"heading.default\">\n\t\t\t\t<div class=\"elementor-widget-container\">\n\t\t\t\t\t<h2 class=\"elementor-heading-title elementor-size-default\">Energ\u00eda limpia y sustentabilidad<\/h2>\t\t\t\t<\/div>\n\t\t\t\t<\/div>\n\t\t\t\t<div class=\"elementor-element elementor-element-9d00600 elementor-widget elementor-widget-heading\" data-id=\"9d00600\" data-element_type=\"widget\" data-e-type=\"widget\" data-widget_type=\"heading.default\">\n\t\t\t\t<div class=\"elementor-widget-container\">\n\t\t\t\t\t<h2 class=\"elementor-heading-title elementor-size-default\">A trav\u00e9s de Clean Energy Columbus, nuestra comunidad puede hacer un cambio grande y r\u00e1pido a energ\u00eda limpia para ayudar a reducir emisiones y mejorar nuestro ambiente. Sobre la base de \u00edndices de participaci\u00f3n estimados, el programa espera reducir emisiones en 1.4 toneladas m\u00e9tricas, \u00a1el equivalente de retirar m\u00e1s de 300,000 veh\u00edculos de las rutas!\n<\/h2>\t\t\t\t<\/div>\n\t\t\t\t<\/div>\n\t\t\t\t<div class=\"elementor-element elementor-element-d3fbfc6 elementor-widget elementor-widget-heading\" data-id=\"d3fbfc6\" data-element_type=\"widget\" data-e-type=\"widget\" data-widget_type=\"heading.default\">\n\t\t\t\t<div class=\"elementor-widget-container\">\n\t\t\t\t\t<h2 class=\"elementor-heading-title elementor-size-default\">El programa ser\u00e1 de gran ayuda para apoyar la meta del clima y la sustentabilidad de nuestra comunidad a largo plazo: ser neutra en carbono para 2050. A trav\u00e9s del programa, la ciudad recibe una subvenci\u00f3n de la comunidad que se reinvierte en nuestra comunidad en torno a la sustentabilidad y el clima. Sabemos que el cambio clim\u00e1tico es un problema social y de justicia racial, y sus efectos afectan de manera desproporcionada a las comunidades negras, marrones y con dificultades econ\u00f3micas. Con un enfoque particular en la equidad, esa inversi\u00f3n buscar\u00e1 beneficiar a los residentes m\u00e1s vulnerables y a los que est\u00e1n m\u00e1s expuestos al cambio clim\u00e1tico.<\/h2>\t\t\t\t<\/div>\n\t\t\t\t<\/div>\n\t\t\t\t\t<\/div>\n\t\t<\/div>\n\t\t\t\t\t<\/div>\n\t\t<\/section>\n\t\t\t\t<section class=\"elementor-section elementor-top-section elementor-element elementor-element-23f90075 elementor-hidden-phone elementor-section-boxed elementor-section-height-default elementor-section-height-default\" data-id=\"23f90075\" data-element_type=\"section\" data-e-type=\"section\">\n\t\t\t\t\t\t<div class=\"elementor-container elementor-column-gap-default\">\n\t\t\t\t\t<div class=\"elementor-column elementor-col-50 elementor-top-column elementor-element elementor-element-4255637\" data-id=\"4255637\" data-element_type=\"column\" data-e-type=\"column\">\n\t\t\t<div class=\"elementor-widget-wrap elementor-element-populated\">\n\t\t\t\t\t\t<div class=\"elementor-element elementor-element-50252400 elementor-widget elementor-widget-heading\" data-id=\"50252400\" data-element_type=\"widget\" data-e-type=\"widget\" data-widget_type=\"heading.default\">\n\t\t\t\t<div class=\"elementor-widget-container\">\n\t\t\t\t\t<h2 class=\"elementor-heading-title elementor-size-default\">Puestos de trabajo de energ\u00eda limpia\n<\/h2>\t\t\t\t<\/div>\n\t\t\t\t<\/div>\n\t\t\t\t<div class=\"elementor-element elementor-element-1e4d2e88 elementor-widget elementor-widget-heading\" data-id=\"1e4d2e88\" data-element_type=\"widget\" data-e-type=\"widget\" data-widget_type=\"heading.default\">\n\t\t\t\t<div class=\"elementor-widget-container\">\n\t\t\t\t\t<h2 class=\"elementor-heading-title elementor-size-default\">El programa Clean Energy Columbus apoyar\u00e1 la creaci\u00f3n de miles de puestos de trabajo bien remunerados y con beneficios y tambi\u00e9n apoyar\u00e1 y crear\u00e1 una fuerza de empleo diversa para el sector de energ\u00eda limpia aqu\u00ed, en Columbus. M\u00e1s de 4000 puestos de trabajo en el estado de Ohio tendr\u00e1n el apoyo de la construcci\u00f3n y el mantenimiento de nuevos activos de energ\u00eda e\u00f3lica y solar para alimentar nuestros hogares y peque\u00f1as empresas. Con el lanzamiento del programa, AEP Energy ha contratado 20 empleados de tiempo completo para el centro de atenci\u00f3n al cliente ubicado aqu\u00ed, en Columbus, y est\u00e1 trabajando con socios como IMPACT Community Action y Columbus Urban League para reclutar cerca de 70 defensores de temporada en un canal para posibles empleos permanentes en el sector de la energ\u00eda limpia.\n<\/h2>\t\t\t\t<\/div>\n\t\t\t\t<\/div>\n\t\t\t\t<div class=\"elementor-element elementor-element-5877a133 elementor-widget elementor-widget-heading\" data-id=\"5877a133\" data-element_type=\"widget\" data-e-type=\"widget\" data-widget_type=\"heading.default\">\n\t\t\t\t<div class=\"elementor-widget-container\">\n\t\t\t\t\t<h2 class=\"elementor-heading-title elementor-size-default\">Como parte del programa, la ciudad de Columbus y AEP Energy formar\u00e1n la Comisi\u00f3n de desarrollo de fuerza laboral de energ\u00eda limpia con financiaci\u00f3n anual dedicada a apoyar el desarrollo de un canal de fuerza laboral local y diverso en torno a la energ\u00eda limpia y a la eficiencia energ\u00e9tica.<\/h2>\t\t\t\t<\/div>\n\t\t\t\t<\/div>\n\t\t\t\t\t<\/div>\n\t\t<\/div>\n\t\t\t\t<div class=\"elementor-column elementor-col-50 elementor-top-column elementor-element elementor-element-6afd1d44\" data-id=\"6afd1d44\" data-element_type=\"column\" data-e-type=\"column\">\n\t\t\t<div class=\"elementor-widget-wrap elementor-element-populated\">\n\t\t\t\t\t\t<div class=\"elementor-element elementor-element-77df6d0d elementor-widget elementor-widget-image\" data-id=\"77df6d0d\" data-element_type=\"widget\" data-e-type=\"widget\" data-widget_type=\"image.default\">\n\t\t\t\t<div class=\"elementor-widget-container\">\n\t\t\t\t\t\t\t\t\t\t\t\t<figure class=\"wp-caption\">\n\t\t\t\t\t\t\t\t\t\t<img decoding=\"async\" width=\"1200\" height=\"800\" src=\"https:\/\/cleanenergycolumbus.org\/wp-content\/uploads\/2021\/09\/KenyetiettaQuinn05.jpg\" class=\"attachment-full size-full wp-image-2411\" alt=\"\" \/>\t\t\t\t\t\t\t\t\t\t\t<figcaption class=\"widget-image-caption wp-caption-text\">Aqu\u00ed vemos a Kenyetietta Quinn, inspector del Programa de asistencia para la climatizaci\u00f3n domiciliaria (HWAP, por su sigla en ingl\u00e9s) del socio comunitario IMPACT Community Action, donde visita hogares de bajos ingresos para ayudarlos a ser m\u00e1s eficientes en el uso de la energ\u00eda y m\u00e1s confortables. Clean Energy Columbus est\u00e1 trabajando con socios como IMPACT para brindar m\u00e1s apoyo a este tipo de programas y otros dentro de nuestra comunidad.<\/figcaption>\n\t\t\t\t\t\t\t\t\t\t<\/figure>\n\t\t\t\t\t\t\t\t\t<\/div>\n\t\t\t\t<\/div>\n\t\t\t\t\t<\/div>\n\t\t<\/div>\n\t\t\t\t\t<\/div>\n\t\t<\/section>\n\t\t\t\t<section class=\"elementor-section elementor-top-section elementor-element elementor-element-77ac669a elementor-hidden-desktop elementor-hidden-tablet elementor-section-boxed elementor-section-height-default elementor-section-height-default\" data-id=\"77ac669a\" data-element_type=\"section\" data-e-type=\"section\">\n\t\t\t\t\t\t<div class=\"elementor-container elementor-column-gap-default\">\n\t\t\t\t\t<div class=\"elementor-column elementor-col-50 elementor-top-column elementor-element elementor-element-470c5373\" data-id=\"470c5373\" data-element_type=\"column\" data-e-type=\"column\">\n\t\t\t<div class=\"elementor-widget-wrap elementor-element-populated\">\n\t\t\t\t\t\t<div class=\"elementor-element elementor-element-d7022c3 elementor-widget elementor-widget-image\" data-id=\"d7022c3\" data-element_type=\"widget\" data-e-type=\"widget\" data-widget_type=\"image.default\">\n\t\t\t\t<div class=\"elementor-widget-container\">\n\t\t\t\t\t\t\t\t\t\t\t\t\t\t\t<img decoding=\"async\" width=\"5184\" height=\"3456\" src=\"https:\/\/cleanenergycolumbus.org\/wp-content\/uploads\/2021\/06\/2-1.jpeg\" class=\"attachment-full size-full wp-image-2295\" alt=\"\" \/>\t\t\t\t\t\t\t\t\t\t\t\t\t\t\t<\/div>\n\t\t\t\t<\/div>\n\t\t\t\t\t<\/div>\n\t\t<\/div>\n\t\t\t\t<div class=\"elementor-column elementor-col-50 elementor-top-column elementor-element elementor-element-61f507f1\" data-id=\"61f507f1\" data-element_type=\"column\" data-e-type=\"column\">\n\t\t\t<div class=\"elementor-widget-wrap elementor-element-populated\">\n\t\t\t\t\t\t<div class=\"elementor-element elementor-element-068406e elementor-widget elementor-widget-heading\" data-id=\"068406e\" data-element_type=\"widget\" data-e-type=\"widget\" data-widget_type=\"heading.default\">\n\t\t\t\t<div class=\"elementor-widget-container\">\n\t\t\t\t\t<h2 class=\"elementor-heading-title elementor-size-default\">Empleos de energ\u00eda limpia<\/h2>\t\t\t\t<\/div>\n\t\t\t\t<\/div>\n\t\t\t\t<div class=\"elementor-element elementor-element-4f5e953f elementor-widget elementor-widget-heading\" data-id=\"4f5e953f\" data-element_type=\"widget\" data-e-type=\"widget\" data-widget_type=\"heading.default\">\n\t\t\t\t<div class=\"elementor-widget-container\">\n\t\t\t\t\t<h2 class=\"elementor-heading-title elementor-size-default\">El Programa Clean Energy Columbus apoyar\u00e1 miles de empleos bien remunerados con beneficios, y tambi\u00e9n buscar\u00e1 apoyar y crear una fuente de fuerza laboral local diversa en la industria de la energ\u00eda limpia aqu\u00ed en Columbus. Se apoyar\u00e1n m\u00e1s de 4000 puestos de trabajo en el estado de Ohio a trav\u00e9s de la construcci\u00f3n y el mantenimiento de nuevos activos e\u00f3licos y solares para alimentar nuestros hogares y peque\u00f1as empresas. Con el lanzamiento del programa, AEP Energy ha contratado a 20 empleados de tiempo completo para el Centro de atenci\u00f3n al cliente ubicado aqu\u00ed en Columbus, y est\u00e1 trabajando con socios como IMPACT Community Action y Columbus Urban League para reclutar casi 70 defensores de temporada en una tuber\u00eda. para el empleo permanente potencial en el sector de la energ\u00eda limpia.<\/h2>\t\t\t\t<\/div>\n\t\t\t\t<\/div>\n\t\t\t\t<div class=\"elementor-element elementor-element-533a362b elementor-widget elementor-widget-heading\" data-id=\"533a362b\" data-element_type=\"widget\" data-e-type=\"widget\" data-widget_type=\"heading.default\">\n\t\t\t\t<div class=\"elementor-widget-container\">\n\t\t\t\t\t<h2 class=\"elementor-heading-title elementor-size-default\">Como parte del programa, la Ciudad de Columbus y AEP Energy formar\u00e1n un Comit\u00e9 de Desarrollo de la Fuerza Laboral de Energ\u00eda Limpia con fondos anuales dedicados, destinados a apoyar el desarrollo de una fuente de fuerza laboral local diversa en torno a la energ\u00eda limpia y la eficiencia energ\u00e9tica.\n\n<\/h2>\t\t\t\t<\/div>\n\t\t\t\t<\/div>\n\t\t\t\t\t<\/div>\n\t\t<\/div>\n\t\t\t\t\t<\/div>\n\t\t<\/section>\n\t\t\t\t<section class=\"elementor-section elementor-top-section elementor-element elementor-element-29054c2 elementor-section-boxed elementor-section-height-default elementor-section-height-default\" data-id=\"29054c2\" data-element_type=\"section\" data-e-type=\"section\">\n\t\t\t\t\t\t<div class=\"elementor-container elementor-column-gap-default\">\n\t\t\t\t\t<div class=\"elementor-column elementor-col-50 elementor-top-column elementor-element elementor-element-cab363b\" data-id=\"cab363b\" data-element_type=\"column\" data-e-type=\"column\">\n\t\t\t<div class=\"elementor-widget-wrap elementor-element-populated\">\n\t\t\t\t\t\t<div class=\"elementor-element elementor-element-92e75ce elementor-widget elementor-widget-image\" data-id=\"92e75ce\" data-element_type=\"widget\" data-e-type=\"widget\" data-widget_type=\"image.default\">\n\t\t\t\t<div class=\"elementor-widget-container\">\n\t\t\t\t\t\t\t\t\t\t\t\t\t\t\t<img loading=\"lazy\" decoding=\"async\" width=\"4272\" height=\"2856\" src=\"https:\/\/cleanenergycolumbus.org\/wp-content\/uploads\/2021\/08\/clean-energy-columbus-family-2-min.jpg\" class=\"attachment-full size-full wp-image-2379\" alt=\"\" \/>\t\t\t\t\t\t\t\t\t\t\t\t\t\t\t<\/div>\n\t\t\t\t<\/div>\n\t\t\t\t\t<\/div>\n\t\t<\/div>\n\t\t\t\t<div class=\"elementor-column elementor-col-50 elementor-top-column elementor-element elementor-element-f2bff15\" data-id=\"f2bff15\" data-element_type=\"column\" data-e-type=\"column\">\n\t\t\t<div class=\"elementor-widget-wrap elementor-element-populated\">\n\t\t\t\t\t\t<div class=\"elementor-element elementor-element-1809eaf elementor-widget elementor-widget-heading\" data-id=\"1809eaf\" data-element_type=\"widget\" data-e-type=\"widget\" data-widget_type=\"heading.default\">\n\t\t\t\t<div class=\"elementor-widget-container\">\n\t\t\t\t\t<h2 class=\"elementor-heading-title elementor-size-default\">Opci\u00f3n<\/h2>\t\t\t\t<\/div>\n\t\t\t\t<\/div>\n\t\t\t\t<div class=\"elementor-element elementor-element-9ffef8e elementor-widget elementor-widget-heading\" data-id=\"9ffef8e\" data-element_type=\"widget\" data-e-type=\"widget\" data-widget_type=\"heading.default\">\n\t\t\t\t<div class=\"elementor-widget-container\">\n\t\t\t\t\t<h2 class=\"elementor-heading-title elementor-size-default\">Con una variedad de opciones en el mercado de suministro de energ\u00eda, el programa de la ciudad est\u00e1 dise\u00f1ado como un servicio a los residentes y peque\u00f1as empresas. La ciudad siempre se esforzar\u00e1 por ofrecer el programa de mejor valor al equilibrar tarifas, energ\u00eda limpia y beneficios para la comunidad. La participaci\u00f3n en el programa Clean Energy Columbus es siempre voluntaria y no existen aranceles ni penalidades por inscribirse ni por darse de baja. Es su decisi\u00f3n.\n<\/h2>\t\t\t\t<\/div>\n\t\t\t\t<\/div>\n\t\t\t\t\t<\/div>\n\t\t<\/div>\n\t\t\t\t\t<\/div>\n\t\t<\/section>\n\t\t\t\t<section class=\"elementor-section elementor-top-section elementor-element elementor-element-c4aca06 elementor-section-boxed elementor-section-height-default elementor-section-height-default\" data-id=\"c4aca06\" data-element_type=\"section\" data-e-type=\"section\">\n\t\t\t\t\t\t<div class=\"elementor-container elementor-column-gap-default\">\n\t\t\t\t\t<div class=\"elementor-column elementor-col-100 elementor-top-column elementor-element elementor-element-b4a634d\" data-id=\"b4a634d\" data-element_type=\"column\" data-e-type=\"column\">\n\t\t\t<div class=\"elementor-widget-wrap elementor-element-populated\">\n\t\t\t\t\t\t<div class=\"elementor-element elementor-element-d712844 elementor-widget elementor-widget-heading\" data-id=\"d712844\" data-element_type=\"widget\" data-e-type=\"widget\" data-widget_type=\"heading.default\">\n\t\t\t\t<div class=\"elementor-widget-container\">\n\t\t\t\t\t<h2 class=\"elementor-heading-title elementor-size-default\">Calculadora de equivalencias de gases de efecto invernadero\n<\/h2>\t\t\t\t<\/div>\n\t\t\t\t<\/div>\n\t\t\t\t<div class=\"elementor-element elementor-element-8af3d2f elementor-widget elementor-widget-text-editor\" data-id=\"8af3d2f\" data-element_type=\"widget\" data-e-type=\"widget\" data-widget_type=\"text-editor.default\">\n\t\t\t\t<div class=\"elementor-widget-container\">\n\t\t\t\t\t\t\t\t\t<section class=\"elementor-section elementor-top-section elementor-element elementor-element-c4aca06 elementor-section-boxed elementor-section-height-default elementor-section-height-default\" data-id=\"c4aca06\" data-element_type=\"section\"><div class=\"elementor-container elementor-column-gap-default\"><div class=\"elementor-column elementor-col-100 elementor-top-column elementor-element elementor-element-b4a634d\" data-id=\"b4a634d\" data-element_type=\"column\"><div class=\"elementor-widget-wrap elementor-element-populated\"><div class=\"elementor-element elementor-element-8af3d2f elementor-widget elementor-widget-text-editor\" data-id=\"8af3d2f\" data-element_type=\"widget\" data-widget_type=\"text-editor.default\"><div class=\"elementor-widget-container\"><p>Cuando usted ingresa datos de energ\u00eda (kWh), la calculadora convierte los valores ingresados en el equivalente en di\u00f3xido de gases de efecto invernadero basado en factores de emisi\u00f3n para reducciones de electricidad (en este caso energ\u00eda renovable producida a trav\u00e9s de la agregaci\u00f3n de Columbus). Luego muestra formas equivalentes de expresar esas emisiones y traduce mediciones abstractas en t\u00e9rminos concretos que usted puede entender, como las emisiones anuales de veh\u00edculos, hogares y plantas de energ\u00eda.<\/p><p>Seg\u00fan el sitio de EPA.gov: Se debe tener en cuenta que estos c\u00e1lculos son aproximados y que el objetivo es la comunicaci\u00f3n. No deben usarse como inventarios de emisiones, huellas de carbono oficiales o an\u00e1lisis formales de emisiones. Ver Otros recursos para acceder a herramientas adicionales que mantiene EPA para an\u00e1lisis de emisiones y Otras calculadoras para acceder a calculadoras adicionales que mantiene EPA.<\/p><p>Para obtener informaci\u00f3n adicional, debe consultar las ecuaciones y fuentes usadas para esta calculadora en la p\u00e1gina de C\u00e1lculos y Referencias.\u00a0<a href=\"https:\/\/www.epa.gov\/energy\/greenhouse-gases-equivalencies-calculator-calculations-and-references\">https:\/\/www.epa.gov\/energy\/greenhouse-gases-equivalencies-calculator-calculations-and-references<\/a><\/p><p><strong>C\u00f3mo usar la calculadora<\/strong><\/p><ol><li>Pulse sobre la calculadora a la derecha de la pantalla.\u00a0 Esto lo llevar\u00e1 al sitio de EPA para usar la calculadora.<\/li><li>Use una cifra de kWh de su elecci\u00f3n.\u00a0 Ingrese el importe de kWh (de una factura u otro valor de su elecci\u00f3n) en el casillero que dice \u201cSi tiene datos de energ\u00eda\u201d y seleccione kilovatios hora de electricidad.<\/li><li>Pulse calcular<\/li><\/ol><\/div><\/div><\/div><\/div><\/div><\/section><section class=\"elementor-section elementor-top-section elementor-element elementor-element-c7f53ec elementor-section-boxed elementor-section-height-default elementor-section-height-default\" data-id=\"c7f53ec\" data-element_type=\"section\"><div class=\"elementor-container elementor-column-gap-default\"><div class=\"elementor-column elementor-col-100 elementor-top-column elementor-element elementor-element-e26f10b\" data-id=\"e26f10b\" data-element_type=\"column\"><div class=\"elementor-widget-wrap elementor-element-populated\"><div class=\"elementor-element elementor-element-5e2fd8f elementor-widget elementor-widget-spacer\" data-id=\"5e2fd8f\" data-element_type=\"widget\" data-widget_type=\"spacer.default\">\u00a0<\/div><\/div><\/div><\/div><\/section>\t\t\t\t\t\t\t\t<\/div>\n\t\t\t\t<\/div>\n\t\t\t\t\t<\/div>\n\t\t<\/div>\n\t\t\t\t\t<\/div>\n\t\t<\/section>\n\t\t\t\t<section class=\"elementor-section elementor-top-section elementor-element elementor-element-c7f53ec elementor-section-boxed elementor-section-height-default elementor-section-height-default\" data-id=\"c7f53ec\" data-element_type=\"section\" data-e-type=\"section\">\n\t\t\t\t\t\t<div class=\"elementor-container elementor-column-gap-default\">\n\t\t\t\t\t<div class=\"elementor-column elementor-col-100 elementor-top-column elementor-element elementor-element-e26f10b\" data-id=\"e26f10b\" data-element_type=\"column\" data-e-type=\"column\">\n\t\t\t<div class=\"elementor-widget-wrap elementor-element-populated\">\n\t\t\t\t\t\t<div class=\"elementor-element elementor-element-5e2fd8f elementor-widget elementor-widget-spacer\" data-id=\"5e2fd8f\" data-element_type=\"widget\" data-e-type=\"widget\" data-widget_type=\"spacer.default\">\n\t\t\t\t<div class=\"elementor-widget-container\">\n\t\t\t\t\t\t\t<div class=\"elementor-spacer\">\n\t\t\t<div class=\"elementor-spacer-inner\"><\/div>\n\t\t<\/div>\n\t\t\t\t\t\t<\/div>\n\t\t\t\t<\/div>\n\t\t\t\t\t<\/div>\n\t\t<\/div>\n\t\t\t\t\t<\/div>\n\t\t<\/section>\n\t\t\t\t<\/div>\n\t\t","protected":false},"excerpt":{"rendered":"<p>BENEFICIO PARA LA COMUNIDAD Clean Energy Columbus ofrece a nuestra comunidad beneficios ambientales, sanitarios y econ\u00f3micos mientras mantiene su opci\u00f3n. Mejor salud, mejor calidad de vida, oportunidades equitativas para las generaciones venideras. Por eso la energ\u00eda limpia importa para Columbus. El programa de Clean Energy Columbus ofrece beneficios y valores a la comunidad de la [&hellip;]<\/p>\n","protected":false},"author":1,"featured_media":0,"parent":0,"menu_order":0,"comment_status":"closed","ping_status":"closed","template":"","meta":{"footnotes":""},"class_list":["post-2586","page","type-page","status-publish","hentry"],"_links":{"self":[{"href":"https:\/\/cleanenergycolumbus.org\/es\/wp-json\/wp\/v2\/pages\/2586","targetHints":{"allow":["GET"]}}],"collection":[{"href":"https:\/\/cleanenergycolumbus.org\/es\/wp-json\/wp\/v2\/pages"}],"about":[{"href":"https:\/\/cleanenergycolumbus.org\/es\/wp-json\/wp\/v2\/types\/page"}],"author":[{"embeddable":true,"href":"https:\/\/cleanenergycolumbus.org\/es\/wp-json\/wp\/v2\/users\/1"}],"replies":[{"embeddable":true,"href":"https:\/\/cleanenergycolumbus.org\/es\/wp-json\/wp\/v2\/comments?post=2586"}],"version-history":[{"count":8,"href":"https:\/\/cleanenergycolumbus.org\/es\/wp-json\/wp\/v2\/pages\/2586\/revisions"}],"predecessor-version":[{"id":2774,"href":"https:\/\/cleanenergycolumbus.org\/es\/wp-json\/wp\/v2\/pages\/2586\/revisions\/2774"}],"wp:attachment":[{"href":"https:\/\/cleanenergycolumbus.org\/es\/wp-json\/wp\/v2\/media?parent=2586"}],"curies":[{"name":"wp","href":"https:\/\/api.w.org\/{rel}","templated":true}]}}